{"id":2188,"date":"2024-01-08T18:11:08","date_gmt":"2024-01-08T18:11:08","guid":{"rendered":"http:\/\/colloyaproject.eu\/?page_id=2188"},"modified":"2024-01-08T18:15:48","modified_gmt":"2024-01-08T18:15:48","slug":"tpm-2","status":"publish","type":"page","link":"http:\/\/colloyaproject.eu\/?page_id=2188","title":{"rendered":"TPM 2"},"content":{"rendered":"<section class=\"wpb-content-wrapper\"><p>[vc_row][vc_column width=&#8221;1\/4&#8243;][vc_gallery interval=&#8221;3&#8243; images=&#8221;2177,2178,2179,2180,2181,2182,2184,2185,2186&#8243;][\/vc_column][vc_column width=&#8221;3\/4&#8243;][ct_heading text=&#8221;Transnational Project Meeting 2&#8243; font_size=&#8221;30&#8243; font_size_md=&#8221;30&#8243; font_size_sm=&#8221;30&#8243; font_size_xs=&#8221;30&#8243; font_weight=&#8221;&#8221; font_weight_sub=&#8221;&#8221;][vc_column_text]Transnational Project Meeting-2 (TPM-2) is an integral part of the transnational project \u201cOlder Adults Learning English and Digital Literacy in Collaboration with Young Adults\u201d \u20182022-1-TR01-KA220-ADU-000088953\u2019 Co-funded by the Erasmus+ Programme of the European Union.<\/p>\n<p>TPM-2 was hosted by DomSpain in Reus, Spain on the 24<sup>th<\/sup> of November 2023 with the joined effort of Adana Alparslan T\u00fcrke\u015f Science and Technology University (Turkey), Saricam Public Education Center (Turkey) and Instytut Badan i Innowacji w Edukacji (Poland).<\/p>\n<p><strong>The Elements of the Transnational Project Meeting 2<\/strong><\/p>\n<p>The main objective of the meeting is to bring each partner organisation together physically and create space for them to work on the overall progress and the future tasks of the COLL-OYA Project. In other terms, TPM-2 is a progress meeting which is related to work package 2 of the project.<\/p>\n<p>Here are some of the elements of the TPM-2 Meeting Agenda:<\/p>\n<p>&#8211; Work Package 2 &#8211; What has been completed so far and pending Tasks.<\/p>\n<p>&#8211; Moodle Platform<\/p>\n<p>&#8211; Work Package 3 \u2013 Tasks, progress and what is next.<\/p>\n<p>&#8211; Dissemination Management<\/p>\n<p>&#8211; The Future Tasks and Responsibilities.<\/p>\n<p><strong>The list of the representatives of the project\u2019s partner organisations is as below:<\/strong><\/p>\n<p><strong>Adana Alparslan T\u00fcrke\u015f Science and Technology University:<\/strong><\/p>\n<p>Duygu \u0130\u015fp\u0131nar Ak\u00e7ayo\u011flu<\/p>\n<p>\u00d6mer \u00d6zer<\/p>\n<p><strong>Saricam Public Education Center:<\/strong><\/p>\n<p>Yeliz Nur Akar\u00e7ay<\/p>\n<p><strong>DomSpain(Spain):<\/strong><\/p>\n<p>Ana Isabel, Herranz Zentarski<\/p>\n<p>Mar\u00eda Elena, Chapa de la Pe\u00f1a<\/p>\n<p><strong>Instytut Badan i Innowacji w Edukacji (Poland)<\/strong><\/p>\n<p>Renata Ochoa-Daderska<\/p>\n<p>Luis Ochoa Siguencia<\/p>\n<p>Gabriela Ochoa-Daderska[\/vc_column_text][\/vc_column][\/vc_row]<\/p>\n<\/section>","protected":false},"excerpt":{"rendered":"<p>[vc_row][vc_column width=&#8221;1\/4&#8243;][vc_gallery interval=&#8221;3&#8243; images=&#8221;2177,2178,2179,2180,2181,2182,2184,2185,2186&#8243;][\/vc_column][vc_column width=&#8221;3\/4&#8243;][ct_heading text=&#8221;Transnational Project Meeting 2&#8243; font_size=&#8221;30&#8243; font_size_md=&#8221;30&#8243; font_size_sm=&#8221;30&#8243; font_size_xs=&#8221;30&#8243; font_weight=&#8221;&#8221; font_weight_sub=&#8221;&#8221;][vc_column_text]Transnational Project Meeting-2 (TPM-2) is an integral part of the transnational project \u201cOlder Adults Learning English and Digital Literacy in Collaboration with Young Adults\u201d \u20182022-1-TR01-KA220-ADU-000088953\u2019 Co-funded by the Erasmus+ Programme of the European Union. TPM-2 was hosted by DomSpain in Reus, [&hellip;]<\/p>\n","protected":false},"author":1,"featured_media":0,"parent":0,"menu_order":0,"comment_status":"closed","ping_status":"closed","template":"","meta":[],"_links":{"self":[{"href":"http:\/\/colloyaproject.eu\/index.php?rest_route=\/wp\/v2\/pages\/2188"}],"collection":[{"href":"http:\/\/colloyaproject.eu\/index.php?rest_route=\/wp\/v2\/pages"}],"about":[{"href":"http:\/\/colloyaproject.eu\/index.php?rest_route=\/wp\/v2\/types\/page"}],"author":[{"embeddable":true,"href":"http:\/\/colloyaproject.eu\/index.php?rest_route=\/wp\/v2\/users\/1"}],"replies":[{"embeddable":true,"href":"http:\/\/colloyaproject.eu\/index.php?rest_route=%2Fwp%2Fv2%2Fcomments&post=2188"}],"version-history":[{"count":2,"href":"http:\/\/colloyaproject.eu\/index.php?rest_route=\/wp\/v2\/pages\/2188\/revisions"}],"predecessor-version":[{"id":2190,"href":"http:\/\/colloyaproject.eu\/index.php?rest_route=\/wp\/v2\/pages\/2188\/revisions\/2190"}],"wp:attachment":[{"href":"http:\/\/colloyaproject.eu\/index.php?rest_route=%2Fwp%2Fv2%2Fmedia&parent=2188"}],"curies":[{"name":"wp","href":"https:\/\/api.w.org\/{rel}","templated":true}]}}